{"id":539,"date":"2025-06-30T17:46:33","date_gmt":"2025-06-30T17:46:33","guid":{"rendered":"https:\/\/isoutarluxe.com\/?page_id=539"},"modified":"2025-06-30T17:56:48","modified_gmt":"2025-06-30T17:56:48","slug":"about-us","status":"publish","type":"page","link":"https:\/\/isoutarluxe.com\/?page_id=539","title":{"rendered":"About us"},"content":{"rendered":"\t\t<div data-elementor-type=\"wp-page\" data-elementor-id=\"539\" class=\"elementor elementor-539\" data-elementor-post-type=\"page\">\n\t\t\t\t<div data-particle_enable=\"false\" data-particle-mobile-disabled=\"false\" class=\"elementor-element elementor-element-1e517ca2 e-con-full e-flex e-con e-parent\" data-id=\"1e517ca2\" data-element_type=\"container\">\n\t\t<div data-particle_enable=\"false\" data-particle-mobile-disabled=\"false\" class=\"elementor-element elementor-element-3ff250f e-con-full e-flex e-con e-child\" data-id=\"3ff250f\" data-element_type=\"container\">\n\t\t\t\t<div class=\"elementor-element elementor-element-14de9962 elementor-widget elementor-widget-image\" data-id=\"14de9962\" data-element_type=\"widget\" data-widget_type=\"image.default\">\n\t\t\t\t<div class=\"elementor-widget-container\">\n\t\t\t\t\t\t\t\t\t\t\t\t\t\t\t<img decoding=\"async\" src=\"https:\/\/isoutarluxe.com\/wp-content\/uploads\/elementor\/thumbs\/STE-KONACHE-FOURNITURE-logo-r7x861peepve8hgt9kdi8psq699thkvpityxux8c5k.png\" title=\"STE KONACHE FOURNITURE logo\" alt=\"STE KONACHE FOURNITURE logo\" loading=\"lazy\" \/>\t\t\t\t\t\t\t\t\t\t\t\t\t\t\t<\/div>\n\t\t\t\t<\/div>\n\t\t\t\t<\/div>\n\t\t<div data-particle_enable=\"false\" data-particle-mobile-disabled=\"false\" class=\"elementor-element elementor-element-d4a4f12 e-con-full e-flex e-con e-child\" data-id=\"d4a4f12\" data-element_type=\"container\">\n\t\t\t\t<div class=\"elementor-element elementor-element-6f3befa3 elementor-widget elementor-widget-heading\" data-id=\"6f3befa3\" data-element_type=\"widget\" data-widget_type=\"heading.default\">\n\t\t\t\t<div class=\"elementor-widget-container\">\n\t\t\t\t\t<h3 class=\"elementor-heading-title elementor-size-default\">Qu'est-ce que<span style=\"color:#FF6F00\"> STE KONACHE FOURNITURE?<\/span><\/h3>\t\t\t\t<\/div>\n\t\t\t\t<\/div>\n\t\t\t\t<div class=\"elementor-element elementor-element-1c17f2b9 elementor-widget elementor-widget-text-editor\" data-id=\"1c17f2b9\" data-element_type=\"widget\" data-widget_type=\"text-editor.default\">\n\t\t\t\t<div class=\"elementor-widget-container\">\n\t\t\t\t\t\t\t\t\t<p dir=\"ltr\" style=\"line-height: 1.656; margin-top: 0pt; margin-bottom: 0pt;\"><span style=\"font-size: 11pt; font-family: Arial,sans-serif; color: #000000; background-color: transparent; font-weight: bold; font-style: normal; font-variant: normal; text-decoration: none; vertical-align: baseline; white-space: pre-wrap;\">STE KONACHE FOURNITURE<\/span><span style=\"font-size: 11pt; font-family: Arial,sans-serif; color: #000000; background-color: transparent; font-weight: 400; font-style: normal; font-variant: normal; text-decoration: none; vertical-align: baseline; white-space: pre-wrap;\"> est une entreprise bas\u00e9e \u00e0 Tanger, sp\u00e9cialis\u00e9e dans la vente et la distribution de fournitures de bureau, d\u2019\u00e9quipements et d\u2019accessoires pour les professionnels.<\/span><\/p><p dir=\"ltr\" style=\"line-height: 1.656; margin-top: 0pt; margin-bottom: 0pt;\"><span style=\"font-size: 11pt; font-family: Arial,sans-serif; color: #000000; background-color: transparent; font-weight: 400; font-style: normal; font-variant: normal; text-decoration: none; vertical-align: baseline; white-space: pre-wrap;\">Notre mission est de vous offrir des produits fonctionnels, durables et adapt\u00e9s \u00e0 vos exigences de travail, tout en vous garantissant un service rapide et personnalis\u00e9.<\/span><\/p><p dir=\"ltr\" style=\"line-height: 1.656; margin-top: 0pt; margin-bottom: 0pt;\"><span style=\"font-size: 11pt; font-family: Arial,sans-serif; color: #000000; background-color: transparent; font-weight: 400; font-style: normal; font-variant: normal; text-decoration: none; vertical-align: baseline; white-space: pre-wrap;\">Que vous soyez une entreprise, une \u00e9cole, une administration ou un ind\u00e9pendant, nous avons les solutions pour vous \u00e9quiper efficacement et simplement.<\/span><\/p>\t\t\t\t\t\t\t\t<\/div>\n\t\t\t\t<\/div>\n\t\t\t\t<\/div>\n\t\t\t\t<\/div>\n\t\t\t\t<\/div>\n\t\t","protected":false},"excerpt":{"rendered":"<p>Qu&#8217;est-ce que STE KONACHE FOURNITURE? STE KONACHE FOURNITURE est une entreprise bas\u00e9e \u00e0 Tanger, sp\u00e9cialis\u00e9e dans la vente et la distribution de fournitures de bureau, d\u2019\u00e9quipements et d\u2019accessoires pour les professionnels. Notre mission est de vous offrir des produits fonctionnels, durables et adapt\u00e9s \u00e0 vos exigences de travail, tout en vous garantissant un service rapide [&hellip;]<\/p>\n","protected":false},"author":1,"featured_media":0,"parent":0,"menu_order":0,"comment_status":"closed","ping_status":"closed","template":"elementor_header_footer","meta":{"ocean_post_layout":"","ocean_both_sidebars_style":"","ocean_both_sidebars_content_width":0,"ocean_both_sidebars_sidebars_width":0,"ocean_sidebar":"","ocean_second_sidebar":"","ocean_disable_margins":"enable","ocean_add_body_class":"","ocean_shortcode_before_top_bar":"","ocean_shortcode_after_top_bar":"","ocean_shortcode_before_header":"","ocean_shortcode_after_header":"","ocean_has_shortcode":"","ocean_shortcode_after_title":"","ocean_shortcode_before_footer_widgets":"","ocean_shortcode_after_footer_widgets":"","ocean_shortcode_before_footer_bottom":"","ocean_shortcode_after_footer_bottom":"","ocean_display_top_bar":"default","ocean_display_header":"default","ocean_header_style":"","ocean_center_header_left_menu":"","ocean_custom_header_template":"","ocean_custom_logo":0,"ocean_custom_retina_logo":0,"ocean_custom_logo_max_width":0,"ocean_custom_logo_tablet_max_width":0,"ocean_custom_logo_mobile_max_width":0,"ocean_custom_logo_max_height":0,"ocean_custom_logo_tablet_max_height":0,"ocean_custom_logo_mobile_max_height":0,"ocean_header_custom_menu":"","ocean_menu_typo_font_family":"","ocean_menu_typo_font_subset":"","ocean_menu_typo_font_size":0,"ocean_menu_typo_font_size_tablet":0,"ocean_menu_typo_font_size_mobile":0,"ocean_menu_typo_font_size_unit":"px","ocean_menu_typo_font_weight":"","ocean_menu_typo_font_weight_tablet":"","ocean_menu_typo_font_weight_mobile":"","ocean_menu_typo_transform":"","ocean_menu_typo_transform_tablet":"","ocean_menu_typo_transform_mobile":"","ocean_menu_typo_line_height":0,"ocean_menu_typo_line_height_tablet":0,"ocean_menu_typo_line_height_mobile":0,"ocean_menu_typo_line_height_unit":"","ocean_menu_typo_spacing":0,"ocean_menu_typo_spacing_tablet":0,"ocean_menu_typo_spacing_mobile":0,"ocean_menu_typo_spacing_unit":"","ocean_menu_link_color":"","ocean_menu_link_color_hover":"","ocean_menu_link_color_active":"","ocean_menu_link_background":"","ocean_menu_link_hover_background":"","ocean_menu_link_active_background":"","ocean_menu_social_links_bg":"","ocean_menu_social_hover_links_bg":"","ocean_menu_social_links_color":"","ocean_menu_social_hover_links_color":"","ocean_disable_title":"default","ocean_disable_heading":"default","ocean_post_title":"","ocean_post_subheading":"","ocean_post_title_style":"","ocean_post_title_background_color":"","ocean_post_title_background":0,"ocean_post_title_bg_image_position":"","ocean_post_title_bg_image_attachment":"","ocean_post_title_bg_image_repeat":"","ocean_post_title_bg_image_size":"","ocean_post_title_height":0,"ocean_post_title_bg_overlay":0.5,"ocean_post_title_bg_overlay_color":"","ocean_disable_breadcrumbs":"default","ocean_breadcrumbs_color":"","ocean_breadcrumbs_separator_color":"","ocean_breadcrumbs_links_color":"","ocean_breadcrumbs_links_hover_color":"","ocean_display_footer_widgets":"default","ocean_display_footer_bottom":"default","ocean_custom_footer_template":"","footnotes":""},"class_list":["post-539","page","type-page","status-publish","hentry","entry","owp-thumbs-layout-horizontal","owp-btn-normal","owp-tabs-layout-horizontal","has-no-thumbnails","has-product-nav"],"yoast_head":"<!-- This site is optimized with the Yoast SEO plugin v25.0 - https:\/\/yoast.com\/wordpress\/plugins\/seo\/ -->\n<title>About us - isoutarluxe<\/title>\n<meta name=\"robots\" content=\"index, follow, max-snippet:-1, max-image-preview:large, max-video-preview:-1\" \/>\n<link rel=\"canonical\" href=\"https:\/\/isoutarluxe.com\/?page_id=539\" \/>\n<meta property=\"og:locale\" content=\"en_US\" \/>\n<meta property=\"og:type\" content=\"article\" \/>\n<meta property=\"og:title\" content=\"About us - isoutarluxe\" \/>\n<meta property=\"og:description\" content=\"Qu&#8217;est-ce que STE KONACHE FOURNITURE? STE KONACHE FOURNITURE est une entreprise bas\u00e9e \u00e0 Tanger, sp\u00e9cialis\u00e9e dans la vente et la distribution de fournitures de bureau, d\u2019\u00e9quipements et d\u2019accessoires pour les professionnels. Notre mission est de vous offrir des produits fonctionnels, durables et adapt\u00e9s \u00e0 vos exigences de travail, tout en vous garantissant un service rapide [&hellip;]\" \/>\n<meta property=\"og:url\" content=\"https:\/\/isoutarluxe.com\/?page_id=539\" \/>\n<meta property=\"og:site_name\" content=\"isoutarluxe\" \/>\n<meta property=\"article:modified_time\" content=\"2025-06-30T17:56:48+00:00\" \/>\n<meta property=\"og:image\" content=\"https:\/\/isoutarluxe.com\/wp-content\/uploads\/elementor\/thumbs\/STE-KONACHE-FOURNITURE-logo-r7x861peepve8hgt9kdi8psq699thkvpityxmnjhts.png\" \/>\n<meta name=\"twitter:card\" content=\"summary_large_image\" \/>\n<meta name=\"twitter:label1\" content=\"Est. reading time\" \/>\n\t<meta name=\"twitter:data1\" content=\"1 minute\" \/>\n<script type=\"application\/ld+json\" class=\"yoast-schema-graph\">{\"@context\":\"https:\/\/schema.org\",\"@graph\":[{\"@type\":\"WebPage\",\"@id\":\"https:\/\/isoutarluxe.com\/?page_id=539\",\"url\":\"https:\/\/isoutarluxe.com\/?page_id=539\",\"name\":\"About us - isoutarluxe\",\"isPartOf\":{\"@id\":\"http:\/\/isoutarluxe.com\/#website\"},\"primaryImageOfPage\":{\"@id\":\"https:\/\/isoutarluxe.com\/?page_id=539#primaryimage\"},\"image\":{\"@id\":\"https:\/\/isoutarluxe.com\/?page_id=539#primaryimage\"},\"thumbnailUrl\":\"https:\/\/isoutarluxe.com\/wp-content\/uploads\/elementor\/thumbs\/STE-KONACHE-FOURNITURE-logo-r7x861peepve8hgt9kdi8psq699thkvpityxmnjhts.png\",\"datePublished\":\"2025-06-30T17:46:33+00:00\",\"dateModified\":\"2025-06-30T17:56:48+00:00\",\"breadcrumb\":{\"@id\":\"https:\/\/isoutarluxe.com\/?page_id=539#breadcrumb\"},\"inLanguage\":\"en-US\",\"potentialAction\":[{\"@type\":\"ReadAction\",\"target\":[\"https:\/\/isoutarluxe.com\/?page_id=539\"]}]},{\"@type\":\"ImageObject\",\"inLanguage\":\"en-US\",\"@id\":\"https:\/\/isoutarluxe.com\/?page_id=539#primaryimage\",\"url\":\"https:\/\/isoutarluxe.com\/wp-content\/uploads\/elementor\/thumbs\/STE-KONACHE-FOURNITURE-logo-r7x861peepve8hgt9kdi8psq699thkvpityxmnjhts.png\",\"contentUrl\":\"https:\/\/isoutarluxe.com\/wp-content\/uploads\/elementor\/thumbs\/STE-KONACHE-FOURNITURE-logo-r7x861peepve8hgt9kdi8psq699thkvpityxmnjhts.png\"},{\"@type\":\"BreadcrumbList\",\"@id\":\"https:\/\/isoutarluxe.com\/?page_id=539#breadcrumb\",\"itemListElement\":[{\"@type\":\"ListItem\",\"position\":1,\"name\":\"Home\",\"item\":\"https:\/\/isoutarluxe.com\/\"},{\"@type\":\"ListItem\",\"position\":2,\"name\":\"About us\"}]},{\"@type\":\"WebSite\",\"@id\":\"http:\/\/isoutarluxe.com\/#website\",\"url\":\"http:\/\/isoutarluxe.com\/\",\"name\":\"isoutarluxe\",\"description\":\"\",\"publisher\":{\"@id\":\"http:\/\/isoutarluxe.com\/#organization\"},\"potentialAction\":[{\"@type\":\"SearchAction\",\"target\":{\"@type\":\"EntryPoint\",\"urlTemplate\":\"http:\/\/isoutarluxe.com\/?s={search_term_string}\"},\"query-input\":{\"@type\":\"PropertyValueSpecification\",\"valueRequired\":true,\"valueName\":\"search_term_string\"}}],\"inLanguage\":\"en-US\"},{\"@type\":\"Organization\",\"@id\":\"http:\/\/isoutarluxe.com\/#organization\",\"name\":\"isoutarluxe\",\"url\":\"http:\/\/isoutarluxe.com\/\",\"logo\":{\"@type\":\"ImageObject\",\"inLanguage\":\"en-US\",\"@id\":\"http:\/\/isoutarluxe.com\/#\/schema\/logo\/image\/\",\"url\":\"https:\/\/isoutarluxe.com\/wp-content\/uploads\/2025\/05\/cropped-logo-isotour.jpg\",\"contentUrl\":\"https:\/\/isoutarluxe.com\/wp-content\/uploads\/2025\/05\/cropped-logo-isotour.jpg\",\"width\":498,\"height\":234,\"caption\":\"isoutarluxe\"},\"image\":{\"@id\":\"http:\/\/isoutarluxe.com\/#\/schema\/logo\/image\/\"}}]}<\/script>\n<!-- \/ Yoast SEO plugin. -->","yoast_head_json":{"title":"About us - isoutarluxe","robots":{"index":"index","follow":"follow","max-snippet":"max-snippet:-1","max-image-preview":"max-image-preview:large","max-video-preview":"max-video-preview:-1"},"canonical":"https:\/\/isoutarluxe.com\/?page_id=539","og_locale":"en_US","og_type":"article","og_title":"About us - isoutarluxe","og_description":"Qu&#8217;est-ce que STE KONACHE FOURNITURE? STE KONACHE FOURNITURE est une entreprise bas\u00e9e \u00e0 Tanger, sp\u00e9cialis\u00e9e dans la vente et la distribution de fournitures de bureau, d\u2019\u00e9quipements et d\u2019accessoires pour les professionnels. Notre mission est de vous offrir des produits fonctionnels, durables et adapt\u00e9s \u00e0 vos exigences de travail, tout en vous garantissant un service rapide [&hellip;]","og_url":"https:\/\/isoutarluxe.com\/?page_id=539","og_site_name":"isoutarluxe","article_modified_time":"2025-06-30T17:56:48+00:00","og_image":[{"url":"https:\/\/isoutarluxe.com\/wp-content\/uploads\/elementor\/thumbs\/STE-KONACHE-FOURNITURE-logo-r7x861peepve8hgt9kdi8psq699thkvpityxmnjhts.png","type":"","width":"","height":""}],"twitter_card":"summary_large_image","twitter_misc":{"Est. reading time":"1 minute"},"schema":{"@context":"https:\/\/schema.org","@graph":[{"@type":"WebPage","@id":"https:\/\/isoutarluxe.com\/?page_id=539","url":"https:\/\/isoutarluxe.com\/?page_id=539","name":"About us - isoutarluxe","isPartOf":{"@id":"http:\/\/isoutarluxe.com\/#website"},"primaryImageOfPage":{"@id":"https:\/\/isoutarluxe.com\/?page_id=539#primaryimage"},"image":{"@id":"https:\/\/isoutarluxe.com\/?page_id=539#primaryimage"},"thumbnailUrl":"https:\/\/isoutarluxe.com\/wp-content\/uploads\/elementor\/thumbs\/STE-KONACHE-FOURNITURE-logo-r7x861peepve8hgt9kdi8psq699thkvpityxmnjhts.png","datePublished":"2025-06-30T17:46:33+00:00","dateModified":"2025-06-30T17:56:48+00:00","breadcrumb":{"@id":"https:\/\/isoutarluxe.com\/?page_id=539#breadcrumb"},"inLanguage":"en-US","potentialAction":[{"@type":"ReadAction","target":["https:\/\/isoutarluxe.com\/?page_id=539"]}]},{"@type":"ImageObject","inLanguage":"en-US","@id":"https:\/\/isoutarluxe.com\/?page_id=539#primaryimage","url":"https:\/\/isoutarluxe.com\/wp-content\/uploads\/elementor\/thumbs\/STE-KONACHE-FOURNITURE-logo-r7x861peepve8hgt9kdi8psq699thkvpityxmnjhts.png","contentUrl":"https:\/\/isoutarluxe.com\/wp-content\/uploads\/elementor\/thumbs\/STE-KONACHE-FOURNITURE-logo-r7x861peepve8hgt9kdi8psq699thkvpityxmnjhts.png"},{"@type":"BreadcrumbList","@id":"https:\/\/isoutarluxe.com\/?page_id=539#breadcrumb","itemListElement":[{"@type":"ListItem","position":1,"name":"Home","item":"https:\/\/isoutarluxe.com\/"},{"@type":"ListItem","position":2,"name":"About us"}]},{"@type":"WebSite","@id":"http:\/\/isoutarluxe.com\/#website","url":"http:\/\/isoutarluxe.com\/","name":"isoutarluxe","description":"","publisher":{"@id":"http:\/\/isoutarluxe.com\/#organization"},"potentialAction":[{"@type":"SearchAction","target":{"@type":"EntryPoint","urlTemplate":"http:\/\/isoutarluxe.com\/?s={search_term_string}"},"query-input":{"@type":"PropertyValueSpecification","valueRequired":true,"valueName":"search_term_string"}}],"inLanguage":"en-US"},{"@type":"Organization","@id":"http:\/\/isoutarluxe.com\/#organization","name":"isoutarluxe","url":"http:\/\/isoutarluxe.com\/","logo":{"@type":"ImageObject","inLanguage":"en-US","@id":"http:\/\/isoutarluxe.com\/#\/schema\/logo\/image\/","url":"https:\/\/isoutarluxe.com\/wp-content\/uploads\/2025\/05\/cropped-logo-isotour.jpg","contentUrl":"https:\/\/isoutarluxe.com\/wp-content\/uploads\/2025\/05\/cropped-logo-isotour.jpg","width":498,"height":234,"caption":"isoutarluxe"},"image":{"@id":"http:\/\/isoutarluxe.com\/#\/schema\/logo\/image\/"}}]}},"jetpack_sharing_enabled":true,"_links":{"self":[{"href":"https:\/\/isoutarluxe.com\/index.php?rest_route=\/wp\/v2\/pages\/539","targetHints":{"allow":["GET"]}}],"collection":[{"href":"https:\/\/isoutarluxe.com\/index.php?rest_route=\/wp\/v2\/pages"}],"about":[{"href":"https:\/\/isoutarluxe.com\/index.php?rest_route=\/wp\/v2\/types\/page"}],"author":[{"embeddable":true,"href":"https:\/\/isoutarluxe.com\/index.php?rest_route=\/wp\/v2\/users\/1"}],"replies":[{"embeddable":true,"href":"https:\/\/isoutarluxe.com\/index.php?rest_route=%2Fwp%2Fv2%2Fcomments&post=539"}],"version-history":[{"count":4,"href":"https:\/\/isoutarluxe.com\/index.php?rest_route=\/wp\/v2\/pages\/539\/revisions"}],"predecessor-version":[{"id":547,"href":"https:\/\/isoutarluxe.com\/index.php?rest_route=\/wp\/v2\/pages\/539\/revisions\/547"}],"wp:attachment":[{"href":"https:\/\/isoutarluxe.com\/index.php?rest_route=%2Fwp%2Fv2%2Fmedia&parent=539"}],"curies":[{"name":"wp","href":"https:\/\/api.w.org\/{rel}","templated":true}]}}