{"id":449,"date":"2025-06-02T17:13:43","date_gmt":"2025-06-02T17:13:43","guid":{"rendered":"https:\/\/isoutarluxe.com\/?post_type=product&#038;p=449"},"modified":"2025-06-26T18:16:42","modified_gmt":"2025-06-26T18:16:42","slug":"1-product","status":"publish","type":"product","link":"https:\/\/isoutarluxe.com\/?product=1-product","title":{"rendered":"1 product"},"content":{"rendered":"<div class=\"f-productProperties__col\">\n<dl class=\"f-productProperties__item\">\n<dt>\n<div id=\"productDescription_feature_div\" class=\"celwidget pd_rd_w-drTEH pd_rd_r-6DW5GM8GVYJBT48DYPSV pd_rd_wg-lXz1V\" data-feature-name=\"productDescription\" data-csa-c-type=\"widget\" data-csa-c-content-id=\"productDescription\" data-csa-c-slot-id=\"productDescription_feature_div\" data-csa-c-asin=\"\" data-csa-c-is-in-initial-active-row=\"false\" data-csa-c-id=\"1o6ybx-7aq9ce-55iw2s-uww27k\" data-cel-widget=\"productDescription_feature_div\">\n<div>\n<div id=\"productDescription_feature_div\" class=\"a-row feature\" data-feature-name=\"productDescription\" data-template-name=\"productDescription\" data-cel-widget=\"productDescription_feature_div\">\n<div id=\"productDescription\" class=\"a-section a-spacing-small\">\n<p>HP Office est le choix fiable pour les imprimantes et photocopieuses haut de gamme de documents commerciaux optimis\u00e9s pour un fonctionnement sans poussi\u00e8re sur toutes les imprimantes et photocopieurs.<\/p>\n<\/div>\n<\/div>\n<\/div>\n<\/div>\n<div id=\"productDetails2_feature_div\" class=\"celwidget pd_rd_w-9gSLf pd_rd_r-6DW5GM8GVYJBT48DYPSV pd_rd_wg-lXz1V\" data-feature-name=\"productDetails2\" data-csa-c-type=\"widget\" data-csa-c-content-id=\"productDetails2\" data-csa-c-slot-id=\"productDetails2_feature_div\" data-csa-c-asin=\"\" data-csa-c-is-in-initial-active-row=\"false\" data-csa-c-id=\"25zjci-j32m7f-28p8rc-3o4n7n\" data-cel-widget=\"productDetails2_feature_div\">\n<ul class=\"a-unordered-list a-vertical a-spacing-mini\">\n<li class=\"a-spacing-mini\"><span class=\"a-list-item\">Surface homog\u00e8ne pour des impressions nettes et nettes.<\/span><\/li>\n<li class=\"a-spacing-mini\"><span class=\"a-list-item\">Temps de s\u00e9chage rapide.<\/span><\/li>\n<li class=\"a-spacing-mini\"><span class=\"a-list-item\">Impressions brillantes en noir et blanc gr\u00e2ce \u00e0 la technologie ColorLok.<\/span><\/li>\n<li class=\"a-spacing-mini\"><span class=\"a-list-item\">Papier universel pour la communication interne et externe et impression couleur facile.<\/span><\/li>\n<\/ul>\n<h2>Sp\u00e9cifications : Ramette Papier A4 80G HP<\/h2>\n<\/div>\n<\/dt>\n<dt><\/dt>\n<dt class=\"f-productProperties__term\">Format papier<\/dt>\n<dd class=\"f-productProperties__definition\">A4<\/dd>\n<\/dl>\n<dl class=\"f-productProperties__item\">\n<dt class=\"f-productProperties__term\">Type du papier<\/dt>\n<dd class=\"f-productProperties__definition\">Bureautique<\/dd>\n<\/dl>\n<dl class=\"f-productProperties__item\">\n<dt class=\"f-productProperties__term\">Nombre de feuilles<\/dt>\n<dd class=\"f-productProperties__definition\">500<\/dd>\n<\/dl>\n<dl class=\"f-productProperties__item\">\n<dt class=\"f-productProperties__term\">Longueur du produit<\/dt>\n<dd class=\"f-productProperties__definition\">29,7 cm<\/dd>\n<\/dl>\n<dl class=\"f-productProperties__item\">\n<dt class=\"f-productProperties__term\">Largeur du produit<\/dt>\n<dd class=\"f-productProperties__definition\">21 cm<\/dd>\n<\/dl>\n<\/div>\n<div class=\"f-productProperties__col\">\n<dl class=\"f-productProperties__item\">\n<dt class=\"f-productProperties__term\">Hauteur du produit<\/dt>\n<dd class=\"f-productProperties__definition\">5 cm<\/dd>\n<\/dl>\n<dl class=\"f-productProperties__item\">\n<dt class=\"f-productProperties__term\">Poids du produit<\/dt>\n<dd class=\"f-productProperties__definition\">2499 g<\/dd>\n<\/dl>\n<dl class=\"f-productProperties__item\">\n<dt class=\"f-productProperties__term\">SKU<\/dt>\n<dd class=\"f-productProperties__definition\">9239816<\/dd>\n<\/dl>\n<dl class=\"f-productProperties__item\">\n<dt class=\"f-productProperties__term\">EAN<\/dt>\n<dd class=\"f-productProperties__definition\">3141725005905<\/dd>\n<\/dl>\n<\/div>\n","protected":false},"excerpt":{"rendered":"<p>HP Office est le choix fiable pour les imprimantes et photocopieuses haut de gamme de documents commerciaux optimis\u00e9s pour un fonctionnement sans poussi\u00e8re sur toutes les imprimantes et photocopieurs. Surface homog\u00e8ne pour des impressions nettes et nettes. Temps de s\u00e9chage rapide. Impressions brillantes en noir et blanc gr\u00e2ce \u00e0 la technologie ColorLok. Papier universel pour [&hellip;]<\/p>\n","protected":false},"featured_media":450,"comment_status":"open","ping_status":"closed","template":"","meta":{"ocean_post_layout":"","ocean_both_sidebars_style":"","ocean_both_sidebars_content_width":0,"ocean_both_sidebars_sidebars_width":0,"ocean_sidebar":"0","ocean_second_sidebar":"0","ocean_disable_margins":"enable","ocean_add_body_class":"","ocean_shortcode_before_top_bar":"","ocean_shortcode_after_top_bar":"","ocean_shortcode_before_header":"","ocean_shortcode_after_header":"","ocean_has_shortcode":"","ocean_shortcode_after_title":"","ocean_shortcode_before_footer_widgets":"","ocean_shortcode_after_footer_widgets":"","ocean_shortcode_before_footer_bottom":"","ocean_shortcode_after_footer_bottom":"","ocean_display_top_bar":"default","ocean_display_header":"default","ocean_header_style":"","ocean_center_header_left_menu":"0","ocean_custom_header_template":"0","ocean_custom_logo":0,"ocean_custom_retina_logo":0,"ocean_custom_logo_max_width":0,"ocean_custom_logo_tablet_max_width":0,"ocean_custom_logo_mobile_max_width":0,"ocean_custom_logo_max_height":0,"ocean_custom_logo_tablet_max_height":0,"ocean_custom_logo_mobile_max_height":0,"ocean_header_custom_menu":"0","ocean_menu_typo_font_family":"0","ocean_menu_typo_font_subset":"","ocean_menu_typo_font_size":0,"ocean_menu_typo_font_size_tablet":0,"ocean_menu_typo_font_size_mobile":0,"ocean_menu_typo_font_size_unit":"px","ocean_menu_typo_font_weight":"","ocean_menu_typo_font_weight_tablet":"","ocean_menu_typo_font_weight_mobile":"","ocean_menu_typo_transform":"","ocean_menu_typo_transform_tablet":"","ocean_menu_typo_transform_mobile":"","ocean_menu_typo_line_height":0,"ocean_menu_typo_line_height_tablet":0,"ocean_menu_typo_line_height_mobile":0,"ocean_menu_typo_line_height_unit":"","ocean_menu_typo_spacing":0,"ocean_menu_typo_spacing_tablet":0,"ocean_menu_typo_spacing_mobile":0,"ocean_menu_typo_spacing_unit":"","ocean_menu_link_color":"","ocean_menu_link_color_hover":"","ocean_menu_link_color_active":"","ocean_menu_link_background":"","ocean_menu_link_hover_background":"","ocean_menu_link_active_background":"","ocean_menu_social_links_bg":"","ocean_menu_social_hover_links_bg":"","ocean_menu_social_links_color":"","ocean_menu_social_hover_links_color":"","ocean_disable_title":"default","ocean_disable_heading":"default","ocean_post_title":"","ocean_post_subheading":"","ocean_post_title_style":"","ocean_post_title_background_color":"","ocean_post_title_background":0,"ocean_post_title_bg_image_position":"","ocean_post_title_bg_image_attachment":"","ocean_post_title_bg_image_repeat":"","ocean_post_title_bg_image_size":"","ocean_post_title_height":0,"ocean_post_title_bg_overlay":0.5,"ocean_post_title_bg_overlay_color":"","ocean_disable_breadcrumbs":"default","ocean_breadcrumbs_color":"","ocean_breadcrumbs_separator_color":"","ocean_breadcrumbs_links_color":"","ocean_breadcrumbs_links_hover_color":"","ocean_display_footer_widgets":"default","ocean_display_footer_bottom":"default","ocean_custom_footer_template":"0"},"product_brand":[],"product_cat":[68],"product_tag":[],"class_list":{"0":"post-449","1":"product","2":"type-product","3":"status-publish","4":"has-post-thumbnail","6":"product_cat-fourniture-de-bureau","8":"entry","9":"has-media","11":"first","12":"instock","13":"sale","14":"shipping-taxable","15":"purchasable","16":"product-type-simple","17":"has-product-nav","18":"col","19":"span_1_of_3","20":"owp-content-center","21":"owp-thumbs-layout-horizontal","22":"owp-btn-normal","23":"owp-tabs-layout-horizontal"},"yoast_head":"<!-- This site is optimized with the Yoast SEO plugin v25.0 - https:\/\/yoast.com\/wordpress\/plugins\/seo\/ -->\n<title>1 product - isoutarluxe<\/title>\n<meta name=\"robots\" content=\"index, follow, max-snippet:-1, max-image-preview:large, max-video-preview:-1\" \/>\n<link rel=\"canonical\" href=\"https:\/\/isoutarluxe.com\/?product=1-product\" \/>\n<meta property=\"og:locale\" content=\"en_US\" \/>\n<meta property=\"og:type\" content=\"article\" \/>\n<meta property=\"og:title\" content=\"1 product - isoutarluxe\" \/>\n<meta property=\"og:description\" content=\"HP Office est le choix fiable pour les imprimantes et photocopieuses haut de gamme de documents commerciaux optimis\u00e9s pour un fonctionnement sans poussi\u00e8re sur toutes les imprimantes et photocopieurs. Surface homog\u00e8ne pour des impressions nettes et nettes. Temps de s\u00e9chage rapide. Impressions brillantes en noir et blanc gr\u00e2ce \u00e0 la technologie ColorLok. Papier universel pour [&hellip;]\" \/>\n<meta property=\"og:url\" content=\"https:\/\/isoutarluxe.com\/?product=1-product\" \/>\n<meta property=\"og:site_name\" content=\"isoutarluxe\" \/>\n<meta property=\"article:modified_time\" content=\"2025-06-26T18:16:42+00:00\" \/>\n<meta property=\"og:image\" content=\"https:\/\/isoutarluxe.com\/wp-content\/uploads\/2025\/06\/81q3C2bU1FL._AC_UF10001000_QL80_.jpg\" \/>\n\t<meta property=\"og:image:width\" content=\"1000\" \/>\n\t<meta property=\"og:image:height\" content=\"929\" \/>\n\t<meta property=\"og:image:type\" content=\"image\/jpeg\" \/>\n<meta name=\"twitter:card\" content=\"summary_large_image\" \/>\n<meta name=\"twitter:label1\" content=\"Est. reading time\" \/>\n\t<meta name=\"twitter:data1\" content=\"1 minute\" \/>\n<script type=\"application\/ld+json\" class=\"yoast-schema-graph\">{\"@context\":\"https:\/\/schema.org\",\"@graph\":[{\"@type\":\"WebPage\",\"@id\":\"https:\/\/isoutarluxe.com\/?product=1-product\",\"url\":\"https:\/\/isoutarluxe.com\/?product=1-product\",\"name\":\"1 product - isoutarluxe\",\"isPartOf\":{\"@id\":\"http:\/\/isoutarluxe.com\/#website\"},\"primaryImageOfPage\":{\"@id\":\"https:\/\/isoutarluxe.com\/?product=1-product#primaryimage\"},\"image\":{\"@id\":\"https:\/\/isoutarluxe.com\/?product=1-product#primaryimage\"},\"thumbnailUrl\":\"https:\/\/isoutarluxe.com\/wp-content\/uploads\/2025\/06\/81q3C2bU1FL._AC_UF10001000_QL80_.jpg\",\"datePublished\":\"2025-06-02T17:13:43+00:00\",\"dateModified\":\"2025-06-26T18:16:42+00:00\",\"breadcrumb\":{\"@id\":\"https:\/\/isoutarluxe.com\/?product=1-product#breadcrumb\"},\"inLanguage\":\"en-US\",\"potentialAction\":[{\"@type\":\"ReadAction\",\"target\":[\"https:\/\/isoutarluxe.com\/?product=1-product\"]}]},{\"@type\":\"ImageObject\",\"inLanguage\":\"en-US\",\"@id\":\"https:\/\/isoutarluxe.com\/?product=1-product#primaryimage\",\"url\":\"https:\/\/isoutarluxe.com\/wp-content\/uploads\/2025\/06\/81q3C2bU1FL._AC_UF10001000_QL80_.jpg\",\"contentUrl\":\"https:\/\/isoutarluxe.com\/wp-content\/uploads\/2025\/06\/81q3C2bU1FL._AC_UF10001000_QL80_.jpg\",\"width\":1000,\"height\":929},{\"@type\":\"BreadcrumbList\",\"@id\":\"https:\/\/isoutarluxe.com\/?product=1-product#breadcrumb\",\"itemListElement\":[{\"@type\":\"ListItem\",\"position\":1,\"name\":\"Home\",\"item\":\"https:\/\/isoutarluxe.com\/\"},{\"@type\":\"ListItem\",\"position\":2,\"name\":\"Shop\",\"item\":\"https:\/\/isoutarluxe.com\/?page_id=5\"},{\"@type\":\"ListItem\",\"position\":3,\"name\":\"1 product\"}]},{\"@type\":\"WebSite\",\"@id\":\"http:\/\/isoutarluxe.com\/#website\",\"url\":\"http:\/\/isoutarluxe.com\/\",\"name\":\"isoutarluxe\",\"description\":\"\",\"publisher\":{\"@id\":\"http:\/\/isoutarluxe.com\/#organization\"},\"potentialAction\":[{\"@type\":\"SearchAction\",\"target\":{\"@type\":\"EntryPoint\",\"urlTemplate\":\"http:\/\/isoutarluxe.com\/?s={search_term_string}\"},\"query-input\":{\"@type\":\"PropertyValueSpecification\",\"valueRequired\":true,\"valueName\":\"search_term_string\"}}],\"inLanguage\":\"en-US\"},{\"@type\":\"Organization\",\"@id\":\"http:\/\/isoutarluxe.com\/#organization\",\"name\":\"isoutarluxe\",\"url\":\"http:\/\/isoutarluxe.com\/\",\"logo\":{\"@type\":\"ImageObject\",\"inLanguage\":\"en-US\",\"@id\":\"http:\/\/isoutarluxe.com\/#\/schema\/logo\/image\/\",\"url\":\"https:\/\/isoutarluxe.com\/wp-content\/uploads\/2025\/05\/cropped-logo-isotour.jpg\",\"contentUrl\":\"https:\/\/isoutarluxe.com\/wp-content\/uploads\/2025\/05\/cropped-logo-isotour.jpg\",\"width\":498,\"height\":234,\"caption\":\"isoutarluxe\"},\"image\":{\"@id\":\"http:\/\/isoutarluxe.com\/#\/schema\/logo\/image\/\"}}]}<\/script>\n<!-- \/ Yoast SEO plugin. -->","yoast_head_json":{"title":"1 product - isoutarluxe","robots":{"index":"index","follow":"follow","max-snippet":"max-snippet:-1","max-image-preview":"max-image-preview:large","max-video-preview":"max-video-preview:-1"},"canonical":"https:\/\/isoutarluxe.com\/?product=1-product","og_locale":"en_US","og_type":"article","og_title":"1 product - isoutarluxe","og_description":"HP Office est le choix fiable pour les imprimantes et photocopieuses haut de gamme de documents commerciaux optimis\u00e9s pour un fonctionnement sans poussi\u00e8re sur toutes les imprimantes et photocopieurs. Surface homog\u00e8ne pour des impressions nettes et nettes. Temps de s\u00e9chage rapide. Impressions brillantes en noir et blanc gr\u00e2ce \u00e0 la technologie ColorLok. Papier universel pour [&hellip;]","og_url":"https:\/\/isoutarluxe.com\/?product=1-product","og_site_name":"isoutarluxe","article_modified_time":"2025-06-26T18:16:42+00:00","og_image":[{"width":1000,"height":929,"url":"https:\/\/isoutarluxe.com\/wp-content\/uploads\/2025\/06\/81q3C2bU1FL._AC_UF10001000_QL80_.jpg","type":"image\/jpeg"}],"twitter_card":"summary_large_image","twitter_misc":{"Est. reading time":"1 minute"},"schema":{"@context":"https:\/\/schema.org","@graph":[{"@type":"WebPage","@id":"https:\/\/isoutarluxe.com\/?product=1-product","url":"https:\/\/isoutarluxe.com\/?product=1-product","name":"1 product - isoutarluxe","isPartOf":{"@id":"http:\/\/isoutarluxe.com\/#website"},"primaryImageOfPage":{"@id":"https:\/\/isoutarluxe.com\/?product=1-product#primaryimage"},"image":{"@id":"https:\/\/isoutarluxe.com\/?product=1-product#primaryimage"},"thumbnailUrl":"https:\/\/isoutarluxe.com\/wp-content\/uploads\/2025\/06\/81q3C2bU1FL._AC_UF10001000_QL80_.jpg","datePublished":"2025-06-02T17:13:43+00:00","dateModified":"2025-06-26T18:16:42+00:00","breadcrumb":{"@id":"https:\/\/isoutarluxe.com\/?product=1-product#breadcrumb"},"inLanguage":"en-US","potentialAction":[{"@type":"ReadAction","target":["https:\/\/isoutarluxe.com\/?product=1-product"]}]},{"@type":"ImageObject","inLanguage":"en-US","@id":"https:\/\/isoutarluxe.com\/?product=1-product#primaryimage","url":"https:\/\/isoutarluxe.com\/wp-content\/uploads\/2025\/06\/81q3C2bU1FL._AC_UF10001000_QL80_.jpg","contentUrl":"https:\/\/isoutarluxe.com\/wp-content\/uploads\/2025\/06\/81q3C2bU1FL._AC_UF10001000_QL80_.jpg","width":1000,"height":929},{"@type":"BreadcrumbList","@id":"https:\/\/isoutarluxe.com\/?product=1-product#breadcrumb","itemListElement":[{"@type":"ListItem","position":1,"name":"Home","item":"https:\/\/isoutarluxe.com\/"},{"@type":"ListItem","position":2,"name":"Shop","item":"https:\/\/isoutarluxe.com\/?page_id=5"},{"@type":"ListItem","position":3,"name":"1 product"}]},{"@type":"WebSite","@id":"http:\/\/isoutarluxe.com\/#website","url":"http:\/\/isoutarluxe.com\/","name":"isoutarluxe","description":"","publisher":{"@id":"http:\/\/isoutarluxe.com\/#organization"},"potentialAction":[{"@type":"SearchAction","target":{"@type":"EntryPoint","urlTemplate":"http:\/\/isoutarluxe.com\/?s={search_term_string}"},"query-input":{"@type":"PropertyValueSpecification","valueRequired":true,"valueName":"search_term_string"}}],"inLanguage":"en-US"},{"@type":"Organization","@id":"http:\/\/isoutarluxe.com\/#organization","name":"isoutarluxe","url":"http:\/\/isoutarluxe.com\/","logo":{"@type":"ImageObject","inLanguage":"en-US","@id":"http:\/\/isoutarluxe.com\/#\/schema\/logo\/image\/","url":"https:\/\/isoutarluxe.com\/wp-content\/uploads\/2025\/05\/cropped-logo-isotour.jpg","contentUrl":"https:\/\/isoutarluxe.com\/wp-content\/uploads\/2025\/05\/cropped-logo-isotour.jpg","width":498,"height":234,"caption":"isoutarluxe"},"image":{"@id":"http:\/\/isoutarluxe.com\/#\/schema\/logo\/image\/"}}]}},"jetpack_sharing_enabled":true,"_links":{"self":[{"href":"https:\/\/isoutarluxe.com\/index.php?rest_route=\/wp\/v2\/product\/449","targetHints":{"allow":["GET"]}}],"collection":[{"href":"https:\/\/isoutarluxe.com\/index.php?rest_route=\/wp\/v2\/product"}],"about":[{"href":"https:\/\/isoutarluxe.com\/index.php?rest_route=\/wp\/v2\/types\/product"}],"replies":[{"embeddable":true,"href":"https:\/\/isoutarluxe.com\/index.php?rest_route=%2Fwp%2Fv2%2Fcomments&post=449"}],"version-history":[{"count":1,"href":"https:\/\/isoutarluxe.com\/index.php?rest_route=\/wp\/v2\/product\/449\/revisions"}],"predecessor-version":[{"id":452,"href":"https:\/\/isoutarluxe.com\/index.php?rest_route=\/wp\/v2\/product\/449\/revisions\/452"}],"wp:featuredmedia":[{"embeddable":true,"href":"https:\/\/isoutarluxe.com\/index.php?rest_route=\/wp\/v2\/media\/450"}],"wp:attachment":[{"href":"https:\/\/isoutarluxe.com\/index.php?rest_route=%2Fwp%2Fv2%2Fmedia&parent=449"}],"wp:term":[{"taxonomy":"product_brand","embeddable":true,"href":"https:\/\/isoutarluxe.com\/index.php?rest_route=%2Fwp%2Fv2%2Fproduct_brand&post=449"},{"taxonomy":"product_cat","embeddable":true,"href":"https:\/\/isoutarluxe.com\/index.php?rest_route=%2Fwp%2Fv2%2Fproduct_cat&post=449"},{"taxonomy":"product_tag","embeddable":true,"href":"https:\/\/isoutarluxe.com\/index.php?rest_route=%2Fwp%2Fv2%2Fproduct_tag&post=449"}],"curies":[{"name":"wp","href":"https:\/\/api.w.org\/{rel}","templated":true}]}}